{"id":15572,"date":"2023-08-06T19:17:57","date_gmt":"2023-08-06T19:17:57","guid":{"rendered":"https:\/\/mgrohr.si\/?page_id=15572"},"modified":"2023-08-13T12:18:37","modified_gmt":"2023-08-13T12:18:37","slug":"allgemeine-geschaeftsbedingungen","status":"publish","type":"page","link":"https:\/\/mgrohr.si\/de\/allgemeine-geschaeftsbedingungen\/","title":{"rendered":"Allgemeine Gesch\u00e4ftsbedingungen"},"content":{"rendered":"\t\t<div data-elementor-type=\"wp-page\" data-elementor-id=\"15572\" class=\"elementor elementor-15572\">\n\t\t\t\t\t\t\t\t\t<section class=\"elementor-section elementor-top-section elementor-element elementor-element-3ced831 elementor-section-boxed elementor-section-height-default elementor-section-height-default exad-sticky-section-no elementor-invisible\" data-id=\"3ced831\" data-element_type=\"section\" data-settings=\"{&quot;background_background&quot;:&quot;classic&quot;,&quot;jet_parallax_layout_list&quot;:[],&quot;animation&quot;:&quot;fadeIn&quot;}\">\n\t\t\t\t\t\t<div class=\"elementor-container elementor-column-gap-no\">\n\t\t\t\t\t<div class=\"elementor-column elementor-col-100 elementor-top-column elementor-element elementor-element-c236d76 exad-glass-effect-no exad-sticky-section-no\" data-id=\"c236d76\" data-element_type=\"column\">\n\t\t\t<div class=\"elementor-widget-wrap elementor-element-populated\">\n\t\t\t\t\t\t\t\t<section class=\"elementor-section elementor-inner-section elementor-element elementor-element-99294ac elementor-section-full_width elementor-section-content-middle rowpadding1580 elementor-section-height-default elementor-section-height-default exad-glass-effect-no exad-sticky-section-no\" data-id=\"99294ac\" data-element_type=\"section\" data-settings=\"{&quot;jet_parallax_layout_list&quot;:[]}\">\n\t\t\t\t\t\t<div class=\"elementor-container elementor-column-gap-no\">\n\t\t\t\t\t<div class=\"elementor-column elementor-col-100 elementor-inner-column elementor-element elementor-element-232416f exad-glass-effect-no exad-sticky-section-no\" data-id=\"232416f\" data-element_type=\"column\">\n\t\t\t<div class=\"elementor-widget-wrap elementor-element-populated\">\n\t\t\t\t\t\t\t\t<div class=\"elementor-element elementor-element-fa75888 elementor-widget__width-inherit exad-sticky-section-no exad-glass-effect-no elementor-widget elementor-widget-heading\" data-id=\"fa75888\" data-element_type=\"widget\" data-widget_type=\"heading.default\">\n\t\t\t\t<div class=\"elementor-widget-container\">\n\t\t\t<h3 class=\"elementor-heading-title elementor-size-default\">MG Rohr Gesch\u00e4ftsbedingungen<\/h3>\t\t<\/div>\n\t\t\t\t<\/div>\n\t\t\t\t<div class=\"elementor-element elementor-element-5ce8950 exad-sticky-section-no exad-glass-effect-no elementor-widget elementor-widget-spacer\" data-id=\"5ce8950\" data-element_type=\"widget\" data-widget_type=\"spacer.default\">\n\t\t\t\t<div class=\"elementor-widget-container\">\n\t\t\t\t\t<div class=\"elementor-spacer\">\n\t\t\t<div class=\"elementor-spacer-inner\"><\/div>\n\t\t<\/div>\n\t\t\t\t<\/div>\n\t\t\t\t<\/div>\n\t\t\t\t<div class=\"elementor-element elementor-element-f2aac6a exad-sticky-section-no exad-glass-effect-no elementor-widget elementor-widget-text-editor\" data-id=\"f2aac6a\" data-element_type=\"widget\" data-widget_type=\"text-editor.default\">\n\t\t\t\t<div class=\"elementor-widget-container\">\n\t\t\t\t\t\t\t<p>Letztes Update: 01.12.2022<\/p>\t\t\t\t\t\t<\/div>\n\t\t\t\t<\/div>\n\t\t\t\t<div class=\"elementor-element elementor-element-86c8dc5 exad-sticky-section-no exad-glass-effect-no elementor-widget elementor-widget-spacer\" data-id=\"86c8dc5\" data-element_type=\"widget\" data-widget_type=\"spacer.default\">\n\t\t\t\t<div class=\"elementor-widget-container\">\n\t\t\t\t\t<div class=\"elementor-spacer\">\n\t\t\t<div class=\"elementor-spacer-inner\"><\/div>\n\t\t<\/div>\n\t\t\t\t<\/div>\n\t\t\t\t<\/div>\n\t\t\t\t\t<\/div>\n\t\t<\/div>\n\t\t\t\t\t\t\t<\/div>\n\t\t<\/section>\n\t\t\t\t<div class=\"elementor-element elementor-element-b46bd18 exad-sticky-section-no exad-glass-effect-no elementor-widget elementor-widget-text-editor\" data-id=\"b46bd18\" data-element_type=\"widget\" data-widget_type=\"text-editor.default\">\n\t\t\t\t<div class=\"elementor-widget-container\">\n\t\t\t\t\t\t\t<h5>Verkaufs &#8211; und Lieferbedingungen des Unternehmens MG Rohr<\/h5><p>Diese Bedingungen schlie\u00dfen die Allgemeinen Gesch\u00e4ftsbedingungen unserer Kunden aus und gelten f\u00fcr alle aktuellen und zuk\u00fcnftigen Lieferungen und Dienstleistungen. Auch wenn uns bekannt ist, dass die Gesch\u00e4ftsbedingungen unseres Kunden von unseren abweichen, bleiben unsere Verkaufs &#8211; und Lieferbedingungen g\u00fcltig. In solchen F\u00e4llen gelten ausschlie\u00dflich unsere Allgemeinen Gesch\u00e4ftsbedingungen. F\u00fcr alle Fragen, die in unseren Allgemeinen Gesch\u00e4ftsbedingungen nicht geregelt sind, vereinbaren die Parteien die Anwendung des slowenischen Rechts gem\u00e4\u00df den Bestimmungen des Obligationenrechts (Amtsblatt der Republik Slowenien, Nr. 97\/2007).<\/p><h5>1. Angebote und Bestellungen (Vertragsabschluss)<\/h5><p>Alle unsere Angebote sowie Informationen in Katalogen, Prospekten, Brosch\u00fcren, Ank\u00fcndigungen, Bildern und Preislisten sind unverbindlich, sofern wir in den Auftragsbest\u00e4tigungen ausdr\u00fccklich darauf verweisen. Wir behalten uns das Recht auf Fehler, Druckfehler und Computerfehler sowie auf die Anpassung unserer Dienstleistungen und Preise in F\u00e4llen von W\u00e4hrungsschwankungen und anderen Wechselkursschwankungen vor, insbesondere der Transportkosten. Der Legierungszuschlag wird gem\u00e4\u00df den Preisen des aktuellen Monats berechnet. Vertr\u00e4ge auf der Grundlage einer Lieferbestellung und\/oder eines Auftrags sind nur rechtsg\u00fcltig, wenn eine schriftliche Auftragsbest\u00e4tigung unsererseits vorliegt.<\/p><h5>2. Lieferung von gr\u00f6\u00dferen oder kleineren Mengen<\/h5><p>Der Kunde ist verpflichtet, die Lieferung von gr\u00f6\u00dferen oder kleineren Mengen sowie Materialien mit Abweichungen hinsichtlich Qualit\u00e4t, Gewicht oder Abmessung, die innerhalb der handels\u00fcblichen Standards liegen, anzunehmen, sofern nicht ausdr\u00fccklich anders vereinbart.<\/p><h5>3. Preise<\/h5><p>Unsere Preise verstehen sich ohne Mehrwertsteuer, Verpackungsgeb\u00fchren, Beladung und Transport, sofern nicht ausdr\u00fccklich anders vereinbart.<\/p><h5>4. Zahlungen und F\u00e4lligkeitstermine<\/h5><p>Sofern nichts anderes vereinbart ist, m\u00fcssen Zahlungen im Voraus geleistet werden. Bei Nichtbeachtung des F\u00e4lligkeitstags werden gesetzliche Verzugszinsen gem\u00e4\u00df dem Gesetz \u00fcber die festgelegten Zinss\u00e4tze f\u00fcr Verzugszinsen (ZPOMZO-1) berechnet. Im Falle eines Zahlungsverzugs ist der Kunde verpflichtet, auch alle angefallenen Kosten f\u00fcr Mahnungen und Inkassoma\u00dfnahmen zu zahlen.<\/p><h5>5. Vorbehalt des Eigentumsrechts<\/h5><p>Alle von uns gelieferten Waren bleiben unser Eigentum bis zur vollst\u00e4ndigen Begleichung aller Zahlungen. Wir behalten uns das Recht vor, ausdr\u00fcckliche Eigentumsinformationen f\u00fcr alle gelieferten Waren zu behalten. Wenn der Kunde Waren weiterverkauft, f\u00fcr die unser Eigentumsvorbehalt gilt, gehen alle Forderungen des Kunden gegen\u00fcber Dritten, die sich aus diesen Verk\u00e4ufen ergeben, auf uns \u00fcber. Hiermit best\u00e4tigen wir, dass wir einer solchen Forderungs\u00fcbertragung zustimmen. Der Kunde, der solche Produkte weiterverkauft, ist verpflichtet, uns unverz\u00fcglich \u00fcber den Verkauf zu informieren.<\/p><p>Der Kunde, der solche Produkte weiterverkauft, ist verpflichtet, uns unverz\u00fcglich schriftlich zu informieren und uns alle Einzelheiten mitzuteilen, falls es in <br \/>Verbindung mit dem Produkt, f\u00fcr das wir unseren Eigentumsvorbehalt geltend machen, zu einer m\u00f6glichen Beschlagnahme oder anderen Ma\u00dfnahmen <br \/>zugunsten Dritter kommt.<\/p><h5>6. Liefertermine<\/h5><p>Die angegebenen Liefertermine (in Angeboten, Katalogen, Prospekten, Brosch\u00fcren usw.) sind unverbindlich. Die Verantwortung f\u00fcr Lieferverz\u00f6gerungen ist auf Vorsatz und grobe Fahrl\u00e4ssigkeit beschr\u00e4nkt. Wir \u00fcbernehmen keine Verantwortung f\u00fcr Verz\u00f6gerungen, die auf Seiten unserer Lieferanten verursacht werden.<\/p><h5>7. Verantwortung und M\u00e4ngel<\/h5><p>Wir \u00fcbernehmen keine Verantwortung f\u00fcr die Eignung des gelieferten Produkts f\u00fcr bestimmte Zwecke, es sei denn, dies wird in unserer Auftragsbest\u00e4tigung anders angegeben oder der Verwendungszweck wurde uns bei Vertragsabschluss mitgeteilt. Das Produkt, das uns \u00fcbergeben wird, wird von uns als Handelsunternehmen visuell kontrolliert. Wenn der Kunde Materialien mit besonderen Eigenschaften ben\u00f6tigt, ist er verpflichtet, das gelieferte Material vor der Verwendung auf die erforderlichen Eigenschaften zu \u00fcberpr\u00fcfen. Der Kunde ist verpflichtet, das Material unverz\u00fcglich nach der Lieferung zu \u00fcberpr\u00fcfen, oder falls dies nicht w\u00e4hrend der regul\u00e4ren Gesch\u00e4ftszeiten m\u00f6glich ist, vor der Verarbeitung oder anderweitigen Verwendung des Materials. Der Kunde muss das Unternehmen MG Rohr \u00fcber festgestellte Fehler innerhalb von 3 Tagen informieren. Wir \u00fcbernehmen keine Haftung f\u00fcr Kosten oder Sch\u00e4den, die durch die Verarbeitung oder Verwendung fehlerhafter Produkte entstehen. Bei berechtigten M\u00e4ngelr\u00fcgen behalten wir uns das Recht auf Durchf\u00fchrung erforderlicher Reparaturen, Austausch des gelieferten Produkts, Genehmigung angemessener Preiskorrekturen oder R\u00fcckerstattung des Kaufpreises vor. Wir \u00fcbernehmen keine Haftung f\u00fcr Sch\u00e4den, die durch fehlerhafte Materialien entstanden sind.<\/p><h5>8. Befreiung von der Erf\u00fcllung der Verpflichtung<\/h5><p>Falls uns Umst\u00e4nde bekannt werden, die einen gr\u00f6\u00dferen Kreditrisiko mit dem Kunden beeinflussen k\u00f6nnten, behalten wir uns das Recht vor, Sicherheiten oder andere angemessene Garantien vom Kunden zu verlangen, die innerhalb einer angemessenen Frist angeboten werden m\u00fcssen. Wenn wir keine Sicherheiten innerhalb der festgelegten Frist erhalten, behalten wir uns das Recht vor, vom Vertrag zur\u00fcckzutreten. In einem solchen Fall hat der Kunde keinen Anspruch auf Entsch\u00e4digungszahlungen. Wenn wir das bestellte Produkt nicht auf Lager haben oder es nicht zum vereinbarten Preis verf\u00fcgbar ist, behalten wir uns das Recht vor, von allen m\u00f6glicherweise abgeschlossenen Vertr\u00e4gen zur\u00fcckzutreten. In einem solchen Fall hat der Kunde keinen Anspruch auf Entsch\u00e4digungszahlungen.<\/p><h5>9. G\u00fcltiges Recht und zust\u00e4ndiges Gericht<\/h5><p>Diese Gesch\u00e4ftsbedingungen werden gem\u00e4\u00df dem slowenischen Recht und dem Recht der Europ\u00e4ischen Union angewendet und interpretiert, mit Ausnahme der Kollisionsregeln. Die Parteien w\u00e4hlen das slowenische Recht zur Regelung von Vertr\u00e4gen. Der Bezug zum Handelsrecht UNCITRAL kann nicht geltend gemacht werden. Zust\u00e4ndiges Gericht ist das Bezirksgericht von Slovenj Gradec.<\/p>\t\t\t\t\t\t<\/div>\n\t\t\t\t<\/div>\n\t\t\t\t\t<\/div>\n\t\t<\/div>\n\t\t\t\t\t\t\t<\/div>\n\t\t<\/section>\n\t\t\t\t<section class=\"elementor-section elementor-top-section elementor-element elementor-element-449c701 elementor-section-boxed elementor-section-height-default elementor-section-height-default exad-glass-effect-no exad-sticky-section-no\" data-id=\"449c701\" data-element_type=\"section\" data-settings=\"{&quot;jet_parallax_layout_list&quot;:[]}\">\n\t\t\t\t\t\t<div class=\"elementor-container elementor-column-gap-default\">\n\t\t\t\t\t<div class=\"elementor-column elementor-col-100 elementor-top-column elementor-element elementor-element-6ddc805 exad-glass-effect-no exad-sticky-section-no\" data-id=\"6ddc805\" data-element_type=\"column\">\n\t\t\t<div class=\"elementor-widget-wrap elementor-element-populated\">\n\t\t\t\t\t\t\t\t<div class=\"elementor-element elementor-element-404df70 exad-sticky-section-no exad-glass-effect-no elementor-widget elementor-widget-spacer\" data-id=\"404df70\" data-element_type=\"widget\" data-widget_type=\"spacer.default\">\n\t\t\t\t<div class=\"elementor-widget-container\">\n\t\t\t\t\t<div class=\"elementor-spacer\">\n\t\t\t<div class=\"elementor-spacer-inner\"><\/div>\n\t\t<\/div>\n\t\t\t\t<\/div>\n\t\t\t\t<\/div>\n\t\t\t\t\t<\/div>\n\t\t<\/div>\n\t\t\t\t\t\t\t<\/div>\n\t\t<\/section>\n\t\t\t\t\t\t\t<\/div>\n\t\t","protected":false},"excerpt":{"rendered":"<p>MG Rohr Gesch\u00e4ftsbedingungen Letztes Update: 01.12.2022 Verkaufs &#8211; und Lieferbedingungen des Unternehmens MG Rohr Diese Bedingungen schlie\u00dfen die Allgemeinen Gesch\u00e4ftsbedingungen unserer Kunden aus und gelten f\u00fcr alle aktuellen und zuk\u00fcnftigen Lieferungen und Dienstleistungen. Auch wenn uns bekannt ist, dass die Gesch\u00e4ftsbedingungen unseres Kunden von unseren abweichen, bleiben unsere Verkaufs &#8211; und Lieferbedingungen g\u00fcltig. In solchen&hellip;<\/p>\n","protected":false},"author":1,"featured_media":0,"parent":0,"menu_order":0,"comment_status":"closed","ping_status":"closed","template":"elementor_header_footer","meta":{"inline_featured_image":false,"footnotes":""},"class_list":["post-15572","page","type-page","status-publish","hentry"],"yoast_head":"<!-- This site is optimized with the Yoast SEO plugin v27.1.1 - https:\/\/yoast.com\/product\/yoast-seo-wordpress\/ -->\n<title>Allgemeine Gesch\u00e4ftsbedingungen - MG ROHR<\/title>\n<meta name=\"robots\" content=\"index, follow, max-snippet:-1, max-image-preview:large, max-video-preview:-1\" \/>\n<link rel=\"canonical\" href=\"https:\/\/mgrohr.si\/de\/allgemeine-geschaeftsbedingungen\/\" \/>\n<meta property=\"og:locale\" content=\"de_DE\" \/>\n<meta property=\"og:type\" content=\"article\" \/>\n<meta property=\"og:title\" content=\"Allgemeine Gesch\u00e4ftsbedingungen - MG ROHR\" \/>\n<meta property=\"og:description\" content=\"MG Rohr Gesch\u00e4ftsbedingungen Letztes Update: 01.12.2022 Verkaufs &#8211; und Lieferbedingungen des Unternehmens MG Rohr Diese Bedingungen schlie\u00dfen die Allgemeinen Gesch\u00e4ftsbedingungen unserer Kunden aus und gelten f\u00fcr alle aktuellen und zuk\u00fcnftigen Lieferungen und Dienstleistungen. Auch wenn uns bekannt ist, dass die Gesch\u00e4ftsbedingungen unseres Kunden von unseren abweichen, bleiben unsere Verkaufs &#8211; und Lieferbedingungen g\u00fcltig. In solchen&hellip;\" \/>\n<meta property=\"og:url\" content=\"https:\/\/mgrohr.si\/de\/allgemeine-geschaeftsbedingungen\/\" \/>\n<meta property=\"og:site_name\" content=\"MG ROHR\" \/>\n<meta property=\"article:modified_time\" content=\"2023-08-13T12:18:37+00:00\" \/>\n<meta name=\"twitter:card\" content=\"summary_large_image\" \/>\n<meta name=\"twitter:label1\" content=\"Gesch\u00e4tzte Lesezeit\" \/>\n\t<meta name=\"twitter:data1\" content=\"4\u00a0Minuten\" \/>\n<script type=\"application\/ld+json\" class=\"yoast-schema-graph\">{\"@context\":\"https:\/\/schema.org\",\"@graph\":[{\"@type\":\"WebPage\",\"@id\":\"https:\/\/mgrohr.si\/de\/allgemeine-geschaeftsbedingungen\/\",\"url\":\"https:\/\/mgrohr.si\/de\/allgemeine-geschaeftsbedingungen\/\",\"name\":\"Allgemeine Gesch\u00e4ftsbedingungen - MG ROHR\",\"isPartOf\":{\"@id\":\"https:\/\/mgrohr.si\/#website\"},\"datePublished\":\"2023-08-06T19:17:57+00:00\",\"dateModified\":\"2023-08-13T12:18:37+00:00\",\"breadcrumb\":{\"@id\":\"https:\/\/mgrohr.si\/de\/allgemeine-geschaeftsbedingungen\/#breadcrumb\"},\"inLanguage\":\"de\",\"potentialAction\":[{\"@type\":\"ReadAction\",\"target\":[\"https:\/\/mgrohr.si\/de\/allgemeine-geschaeftsbedingungen\/\"]}]},{\"@type\":\"BreadcrumbList\",\"@id\":\"https:\/\/mgrohr.si\/de\/allgemeine-geschaeftsbedingungen\/#breadcrumb\",\"itemListElement\":[{\"@type\":\"ListItem\",\"position\":1,\"name\":\"Home\",\"item\":\"https:\/\/mgrohr.si\/de\/\"},{\"@type\":\"ListItem\",\"position\":2,\"name\":\"Allgemeine Gesch\u00e4ftsbedingungen\"}]},{\"@type\":\"WebSite\",\"@id\":\"https:\/\/mgrohr.si\/#website\",\"url\":\"https:\/\/mgrohr.si\/\",\"name\":\"MG ROHR\",\"description\":\"\",\"publisher\":{\"@id\":\"https:\/\/mgrohr.si\/#organization\"},\"potentialAction\":[{\"@type\":\"SearchAction\",\"target\":{\"@type\":\"EntryPoint\",\"urlTemplate\":\"https:\/\/mgrohr.si\/?s={search_term_string}\"},\"query-input\":{\"@type\":\"PropertyValueSpecification\",\"valueRequired\":true,\"valueName\":\"search_term_string\"}}],\"inLanguage\":\"de\"},{\"@type\":\"Organization\",\"@id\":\"https:\/\/mgrohr.si\/#organization\",\"name\":\"MG ROHR d.o.o.\",\"url\":\"https:\/\/mgrohr.si\/\",\"logo\":{\"@type\":\"ImageObject\",\"inLanguage\":\"de\",\"@id\":\"https:\/\/mgrohr.si\/#\/schema\/logo\/image\/\",\"url\":\"https:\/\/mgrohr.si\/wp-content\/uploads\/2022\/11\/MgRohr_PrimaryLogo.svg\",\"contentUrl\":\"https:\/\/mgrohr.si\/wp-content\/uploads\/2022\/11\/MgRohr_PrimaryLogo.svg\",\"width\":232,\"height\":121,\"caption\":\"MG ROHR d.o.o.\"},\"image\":{\"@id\":\"https:\/\/mgrohr.si\/#\/schema\/logo\/image\/\"},\"sameAs\":[\"https:\/\/si.linkedin.com\/company\/mg-rohr\"]}]}<\/script>\n<!-- \/ Yoast SEO plugin. -->","yoast_head_json":{"title":"Allgemeine Gesch\u00e4ftsbedingungen - MG ROHR","robots":{"index":"index","follow":"follow","max-snippet":"max-snippet:-1","max-image-preview":"max-image-preview:large","max-video-preview":"max-video-preview:-1"},"canonical":"https:\/\/mgrohr.si\/de\/allgemeine-geschaeftsbedingungen\/","og_locale":"de_DE","og_type":"article","og_title":"Allgemeine Gesch\u00e4ftsbedingungen - MG ROHR","og_description":"MG Rohr Gesch\u00e4ftsbedingungen Letztes Update: 01.12.2022 Verkaufs &#8211; und Lieferbedingungen des Unternehmens MG Rohr Diese Bedingungen schlie\u00dfen die Allgemeinen Gesch\u00e4ftsbedingungen unserer Kunden aus und gelten f\u00fcr alle aktuellen und zuk\u00fcnftigen Lieferungen und Dienstleistungen. Auch wenn uns bekannt ist, dass die Gesch\u00e4ftsbedingungen unseres Kunden von unseren abweichen, bleiben unsere Verkaufs &#8211; und Lieferbedingungen g\u00fcltig. In solchen&hellip;","og_url":"https:\/\/mgrohr.si\/de\/allgemeine-geschaeftsbedingungen\/","og_site_name":"MG ROHR","article_modified_time":"2023-08-13T12:18:37+00:00","twitter_card":"summary_large_image","twitter_misc":{"Gesch\u00e4tzte Lesezeit":"4\u00a0Minuten"},"schema":{"@context":"https:\/\/schema.org","@graph":[{"@type":"WebPage","@id":"https:\/\/mgrohr.si\/de\/allgemeine-geschaeftsbedingungen\/","url":"https:\/\/mgrohr.si\/de\/allgemeine-geschaeftsbedingungen\/","name":"Allgemeine Gesch\u00e4ftsbedingungen - MG ROHR","isPartOf":{"@id":"https:\/\/mgrohr.si\/#website"},"datePublished":"2023-08-06T19:17:57+00:00","dateModified":"2023-08-13T12:18:37+00:00","breadcrumb":{"@id":"https:\/\/mgrohr.si\/de\/allgemeine-geschaeftsbedingungen\/#breadcrumb"},"inLanguage":"de","potentialAction":[{"@type":"ReadAction","target":["https:\/\/mgrohr.si\/de\/allgemeine-geschaeftsbedingungen\/"]}]},{"@type":"BreadcrumbList","@id":"https:\/\/mgrohr.si\/de\/allgemeine-geschaeftsbedingungen\/#breadcrumb","itemListElement":[{"@type":"ListItem","position":1,"name":"Home","item":"https:\/\/mgrohr.si\/de\/"},{"@type":"ListItem","position":2,"name":"Allgemeine Gesch\u00e4ftsbedingungen"}]},{"@type":"WebSite","@id":"https:\/\/mgrohr.si\/#website","url":"https:\/\/mgrohr.si\/","name":"MG ROHR","description":"","publisher":{"@id":"https:\/\/mgrohr.si\/#organization"},"potentialAction":[{"@type":"SearchAction","target":{"@type":"EntryPoint","urlTemplate":"https:\/\/mgrohr.si\/?s={search_term_string}"},"query-input":{"@type":"PropertyValueSpecification","valueRequired":true,"valueName":"search_term_string"}}],"inLanguage":"de"},{"@type":"Organization","@id":"https:\/\/mgrohr.si\/#organization","name":"MG ROHR d.o.o.","url":"https:\/\/mgrohr.si\/","logo":{"@type":"ImageObject","inLanguage":"de","@id":"https:\/\/mgrohr.si\/#\/schema\/logo\/image\/","url":"https:\/\/mgrohr.si\/wp-content\/uploads\/2022\/11\/MgRohr_PrimaryLogo.svg","contentUrl":"https:\/\/mgrohr.si\/wp-content\/uploads\/2022\/11\/MgRohr_PrimaryLogo.svg","width":232,"height":121,"caption":"MG ROHR d.o.o."},"image":{"@id":"https:\/\/mgrohr.si\/#\/schema\/logo\/image\/"},"sameAs":["https:\/\/si.linkedin.com\/company\/mg-rohr"]}]}},"_links":{"self":[{"href":"https:\/\/mgrohr.si\/de\/wp-json\/wp\/v2\/pages\/15572","targetHints":{"allow":["GET"]}}],"collection":[{"href":"https:\/\/mgrohr.si\/de\/wp-json\/wp\/v2\/pages"}],"about":[{"href":"https:\/\/mgrohr.si\/de\/wp-json\/wp\/v2\/types\/page"}],"author":[{"embeddable":true,"href":"https:\/\/mgrohr.si\/de\/wp-json\/wp\/v2\/users\/1"}],"replies":[{"embeddable":true,"href":"https:\/\/mgrohr.si\/de\/wp-json\/wp\/v2\/comments?post=15572"}],"version-history":[{"count":38,"href":"https:\/\/mgrohr.si\/de\/wp-json\/wp\/v2\/pages\/15572\/revisions"}],"predecessor-version":[{"id":16154,"href":"https:\/\/mgrohr.si\/de\/wp-json\/wp\/v2\/pages\/15572\/revisions\/16154"}],"wp:attachment":[{"href":"https:\/\/mgrohr.si\/de\/wp-json\/wp\/v2\/media?parent=15572"}],"curies":[{"name":"wp","href":"https:\/\/api.w.org\/{rel}","templated":true}]}}